{"id":345,"date":"2012-10-17T13:51:31","date_gmt":"2012-10-17T12:51:31","guid":{"rendered":"http:\/\/newopera.se\/?page_id=345"},"modified":"2012-10-17T13:57:08","modified_gmt":"2012-10-17T12:57:08","slug":"sanglosa-ursprunglig-skiss-2009","status":"publish","type":"page","link":"http:\/\/newopera.se\/en\/sanglosa-process\/sanglosa-ursprunglig-skiss-2009\/","title":{"rendered":"S\u00e5ngl\u00f6sa ursprunglig skiss 2009"},"content":{"rendered":"<p>S\u00e5ngl\u00f6sa<\/p>\n<p>&nbsp;<\/p>\n<p><strong>Jag vill betona att detta bara \u00e4r en skiss.<\/strong><\/p>\n<p><em>S\u00e5ngl\u00f6sa heter en flicka. I hela v\u00e4rlden finns nog ingen som \u00e4r mer ledsen \u00e4n vad hon \u00e4r. Hon gr\u00e5ter varje dag och hon sittter ensam och t\u00e4nker och t\u00e4nker. N\u00e4r hon inte g\u00e5r l\u00e5nga promenader nere p\u00e5 stranden vid det gr\u00e5mulna havet.<br \/>\n<\/em><em>En dag n\u00e4r hon g\u00e5r d\u00e4r kommer en uggla flygande och s\u00e4tter sig i sanden framf\u00f6r henne.<\/em><\/p>\n<p><span style=\"text-decoration: underline;\">Ugglan<\/span><br \/>\nHej. Vad heter du?<\/p>\n<p><span style=\"text-decoration: underline;\">S\u00e5ngl\u00f6sa <em>sorgset<br \/>\n<\/em><\/span>S\u00e5ngl\u00f6sa\u2026 Bara\u2026<\/p>\n<p><span style=\"text-decoration: underline;\">Ugglan<\/span><br \/>\nJag heter Hobox. Hobox den andre, n\u00e4rmare best\u00e4mt. Men varf\u00f6r ser du s\u00e5 dyster ut?<\/p>\n<p><span style=\"text-decoration: underline;\">S\u00e5ngl\u00f6sa<\/span><br \/>\nF\u00f6r att jag \u00e4r dyster.<\/p>\n<p><span style=\"text-decoration: underline;\">Ugglan<\/span><br \/>\nVarf\u00f6r \u00e4r du dyster?<\/p>\n<p><span style=\"text-decoration: underline;\">S\u00e5ngl\u00f6sa<br \/>\n<\/span>Varf\u00f6r skulle jag inte vara det?<\/p>\n<p><span style=\"text-decoration: underline;\">Ugglan<\/span><br \/>\nF\u00f6r att livet\u2026 Livet \u00e4r ju\u2026 Det \u00e4r ju helt otroligt. Varje dag en ny dag d\u00e4r vad som helst kan h\u00e4nda och alla nya m\u00f6ten, all god mat, allt som \u00e4r vackert\u2026 Det finns ju \u00f6verallt. Se!<\/p>\n<p><span style=\"text-decoration: underline;\">S\u00e5ngl\u00f6sa<br \/>\n<\/span>Det g\u00e5r inte. Jag \u00e4r ledsen \u00e4nd\u00e5.<\/p>\n<p><span style=\"text-decoration: underline;\">Ugglan<\/span><br \/>\nMen varf\u00f6r d\u00e5?<\/p>\n<p><span style=\"text-decoration: underline;\">S\u00e5ngl\u00f6sa<\/span><br \/>\nF\u00f6r att jag alltid \u00e4r s\u00e5 dyster. Det g\u00f6r mig s\u00e5 ledsen.\u00a0Och f\u00f6r att jag \u00e4r s\u00e5 ensam. Det g\u00f6r mig s\u00e5 dyster.<\/p>\n<p><span style=\"text-decoration: underline;\">Ugglan<\/span><br \/>\nMen varf\u00f6r \u00e4r du ensam? Det finns ju m\u00e4nniskor \u00f6verallt?<\/p>\n<p><span style=\"text-decoration: underline;\">S\u00e5ngl\u00f6sa<\/span><br \/>\nF\u00f6r att jag alltid gr\u00e5ter. Det g\u00f6r mig ensam. hela tiden.<\/p>\n<p><span style=\"text-decoration: underline;\">Ugglan<br \/>\n<\/span>Men varf\u00f6r gr\u00e5ter du?<\/p>\n<p><span style=\"text-decoration: underline;\">S\u00e5ngl\u00f6sa<br \/>\n<\/span>F\u00f6r det som \u00e4r min st\u00f6rsta sorg.\u00a0Det enda som \u00e4r viktigt. Det enda jag verkligen vill. Och s\u00e5 kan jag inte, kan jag inte alls.<br \/>\nDet \u00e4r d\u00e4rf\u00f6r jag gr\u00e5ter. Hela tiden.<\/p>\n<p><span style=\"text-decoration: underline;\">Ugglan<br \/>\n<\/span>Men vad \u00e4r det du inte kan?<\/p>\n<p><span style=\"text-decoration: underline;\">S\u00e5ngl\u00f6sa<br \/>\n<\/span>Jag kan inte\u2026 Jag kan inte\u2026 Sjunga\u2026 Sjunga.\u00a0Jag kan inte sjunga alls. Det \u00e4r s\u00e5 hemskt. Det enda jag vill och det g\u00e5r inte alls. Inte en ton. Inte ett ord. Inte en k\u00e4nsla. Ingenting blir det. Och jag bara gr\u00e5ter. Gr\u00e5ter. Igen. Och igen\u2026<\/p>\n<p><span style=\"text-decoration: underline;\">Ugglan<br \/>\n<\/span>Men lyssna nu p\u00e5 Hobox&#8217;s klokskap:<br \/>\n&#8220;Ingen \u00e4r f\u00f6rutan r\u00f6st, detta borde va en tr\u00f6st.<br \/>\nSjunga kan ju varje man, blott han sl\u00e4pper modet fram&#8221;<\/p>\n<p><span style=\"text-decoration: underline;\">S\u00e5ngl\u00f6sa<br \/>\n<\/span>Jo\u2026 Ja\u2026<\/p>\n<p><span style=\"text-decoration: underline;\">Ugglan<br \/>\n<\/span>N\u00e5v\u00e4l\u2026 Jag hittade p\u00e5 det just. Men jag tror det \u00e4r snick-snack. Bara snick-snack. Jag vet att du kan sjunga bara du v\u00e5gar sl\u00e4ppa taget. Sl\u00e4ppa ut och l\u00e5ta k\u00e4nslan komma fram.\u00a0L\u00e5t oss pr\u00f6va!<\/p>\n<p><span style=\"text-decoration: underline;\">S\u00e5ngl\u00f6sa<br \/>\n<\/span>\u00c4r du inte klok. Jag kan inte.<\/p>\n<p><span style=\"text-decoration: underline;\">Ugglan<\/span><br \/>\nKom igen nu. Sjung efter:\u00a0Ho-ho-ho<\/p>\n<p><span style=\"text-decoration: underline;\">S\u00e5ngl\u00f6sa<br \/>\n<\/span>Jag kan inte. Det g\u00e5r inte. Kommer inget\u2026<\/p>\n<p><span style=\"text-decoration: underline;\">Ugglan<br \/>\n<\/span>Andas in. Sl\u00e4pp ut. Andas in. Sl\u00e4pp ut.<\/p>\n<p><em>de andas tillsammans<\/em><\/p>\n<p><span style=\"text-decoration: underline;\">Ugglan<br \/>\n<\/span>S\u00e5 andas in, och sen sjung:\u00a0Huuuuuuuuuu\u2026<\/p>\n<p><em>flickan tar sats och brister ut i ett s\u00e5 hj\u00e4rtsk\u00e4rande falskt ljud att n\u00e5got s\u00e5dant s\u00e4llan sk\u00e5dats p\u00e5 denna sidan m\u00e5nen.<\/em><\/p>\n<p><em><\/em><span style=\"text-decoration: underline;\">S\u00e5ngl\u00f6sa<\/span><br \/>\nKraa-aa-ou-krrr-ee-i-xxxxliiee-aaa-o&#8211;iiiiiiii\u2026<\/p>\n<p><span style=\"text-decoration: underline;\">Ugglan<\/span><br \/>\nSluta!\u00a0Sluta! Du g\u00f6r mig illa. Oj, jag skulle aldrig\u2026<\/p>\n<p><span style=\"text-decoration: underline;\">S\u00e5ngl\u00f6sa\u00a0 \u00a0 <em>h\u00e4mtar hj\u00e4lpligt r\u00f6sten<br \/>\n<\/em><\/span>Det\u2026 Det\u2026 \u00a0 \u2026\u00e4r ju det jag\u2026\u00a0 \u2026s\u00e4ger. Det\u2026 g\u00e5r inte\u2026<\/p>\n<p><em>hon b\u00f6rjar gr\u00e5ta<\/em><\/p>\n<p><span style=\"text-decoration: underline;\">S\u00e5ngl\u00f6sa<br \/>\n<\/span>Det \u00e4r hemskt. Fruktansv\u00e4rt\u2026 <em>gr\u00e5ter hj\u00e4lpl\u00f6st<\/em><\/p>\n<p>&nbsp;<\/p>\n<p><span style=\"text-decoration: underline;\">Ugglan<br \/>\n<\/span>S\u00e5ja. S\u00e5ja. Hobox skall nog t\u00e4nka ut n\u00e5gonting.<\/p>\n<p><em>Sen en h\u00e4ndelsekedja som leder till at flickan hittar sin s\u00e5ng o blir lycklig. P\u00e5 v\u00e4g till detta olika skojiga \u00f6vningar med Ugglan som sen kallar p\u00e5 sin v\u00e4n \u00c4lvan. Hon har tre kluriga fr\u00e5gor\/uppgifter till flickan. Dessa kan vara moraliteter som att v\u00e5ga se det farliga, ot\u00e4cka i \u00f6gonen tills det blir ofarligt, att kunna tycka om sig sj\u00e4lv eller liknande. T\u00e5l att funderas \u00f6ver.<\/em><\/p>\n<div><\/div>\n<div><em>\/\/Niklas juni 2009<\/em><\/div>\n","protected":false},"excerpt":{"rendered":"<p>S\u00e5ngl\u00f6sa &nbsp; Jag vill betona att detta bara \u00e4r en skiss. S\u00e5ngl\u00f6sa heter en flicka. I hela v\u00e4rlden finns nog ingen som \u00e4r mer ledsen \u00e4n vad hon \u00e4r. Hon gr\u00e5ter varje dag och hon sittter ensam och t\u00e4nker och t\u00e4nker. N\u00e4r hon inte g\u00e5r l\u00e5nga promenader nere p\u00e5 stranden vid det gr\u00e5mulna havet. En &hellip; <\/p>\n<p class=\"link-more\"><a href=\"http:\/\/newopera.se\/en\/sanglosa-process\/sanglosa-ursprunglig-skiss-2009\/\" class=\"more-link\">Continue reading<span class=\"screen-reader-text\"> &#8220;S\u00e5ngl\u00f6sa ursprunglig skiss 2009&#8221;<\/span><\/a><\/p>\n","protected":false},"author":2,"featured_media":0,"parent":312,"menu_order":0,"comment_status":"closed","ping_status":"closed","template":"","meta":{"footnotes":""},"class_list":["post-345","page","type-page","status-publish","hentry"],"jetpack_sharing_enabled":true,"jetpack_shortlink":"https:\/\/wp.me\/P6Z47T-5z","_links":{"self":[{"href":"http:\/\/newopera.se\/en\/wp-json\/wp\/v2\/pages\/345","targetHints":{"allow":["GET"]}}],"collection":[{"href":"http:\/\/newopera.se\/en\/wp-json\/wp\/v2\/pages"}],"about":[{"href":"http:\/\/newopera.se\/en\/wp-json\/wp\/v2\/types\/page"}],"author":[{"embeddable":true,"href":"http:\/\/newopera.se\/en\/wp-json\/wp\/v2\/users\/2"}],"replies":[{"embeddable":true,"href":"http:\/\/newopera.se\/en\/wp-json\/wp\/v2\/comments?post=345"}],"version-history":[{"count":2,"href":"http:\/\/newopera.se\/en\/wp-json\/wp\/v2\/pages\/345\/revisions"}],"predecessor-version":[{"id":353,"href":"http:\/\/newopera.se\/en\/wp-json\/wp\/v2\/pages\/345\/revisions\/353"}],"up":[{"embeddable":true,"href":"http:\/\/newopera.se\/en\/wp-json\/wp\/v2\/pages\/312"}],"wp:attachment":[{"href":"http:\/\/newopera.se\/en\/wp-json\/wp\/v2\/media?parent=345"}],"curies":[{"name":"wp","href":"https:\/\/api.w.org\/{rel}","templated":true}]}}